{"id":130,"date":"2024-02-15T17:48:52","date_gmt":"2024-02-15T17:48:52","guid":{"rendered":"https:\/\/40846302.servicio-online.net\/hivebot\/?page_id=130"},"modified":"2024-02-17T17:38:13","modified_gmt":"2024-02-17T17:38:13","slug":"preguntas-frecuentes-faq","status":"publish","type":"page","link":"https:\/\/hivebot.es\/hivebot\/index.php\/preguntas-frecuentes-faq\/","title":{"rendered":""},"content":{"rendered":"\n<div class=\"wp-block-group is-layout-constrained wp-block-group-is-layout-constrained\">\n<div class=\"wp-block-group alignwide text-justify is-layout-constrained wp-block-group-is-layout-constrained\">\n\n<p><strong>\u00bf HiveBOT CUSTODIA mi dinero ?<\/strong> <\/p>\n\n\n<p><strong>NO<\/strong>, tu dinero SIEMPRE est\u00e1 custodiado en tu cuenta privada del Exchange Kraken.<\/p>\n\n<\/div>\n<style>\n.wp-block-group.text-justify p {\n  text-align: justify;\n}\n<\/style>\n<\/div>\n\n\n\n<div class=\"wp-block-group alignwide text-justify is-content-justification-center is-layout-constrained wp-block-group-is-layout-constrained\">\n\n<p><strong>\u00bf HiveBOT TOMA DECISIONES POR TI ?<\/strong> <\/p>\n\n\n<p><strong>NO<\/strong>, HiveBOT s\u00f3lo lleva acabo lo que \u00fanicamente T\u00da has planificado con tu dinero. T\u00fa decides el Rango de precios donde has decidido invertir y el porcentaje de Venta de cada Compra. En \/avanzado puedes modificar los par\u00e1metros de tu planificaci\u00f3n y s\u00f3lo se aplicar\u00e1n para nuevas escaleras de Compras que se carguen no en las Compras pendientes de Vender.<\/p>\n\n<\/div>\n<style>\n.wp-block-group.text-justify p {\n  text-align: justify;\n}\n<\/style>\n\n\n\n<p><strong>\u00bf Puedo ACCEDER a mi dinero siempre que quiera ?<\/strong><br><br><strong>S\u00cd<\/strong>. tu dinero SIEMPRE es accesible desde tu cuenta privada del Exchange Kraken.<\/p>\n\n\n\n<div class=\"wp-block-group alignwide text-justify is-layout-constrained wp-block-group-is-layout-constrained\">\n\n<p><strong>\u00bf Puedo RETIRAR mi dinero siempre que quiera ?<\/strong> <\/p>\n\n\n<p class=\"text-justify\"><strong>S\u00cd<\/strong>, desde tu cuenta privada en Kraken pero <strong>DEBES tener en cuenta 2 aspectos sumamente IMPORTANTES:<\/strong> Tu dinero en <strong>EUROS NO DEVALUADO<\/strong> y tu dinero en <strong>LITECOINS DEVALUADO.<\/strong> <em><strong>Si al terminar la siguiente explicaci\u00f3n no comprendes la diferencia<\/strong>, ni despejando tus dudas en La Comunidad HiveBOT, ni con el Soporte de HiveBOT ( <\/em>el soporte de HiveBOT no asesora<em> ), ni asesor\u00e1ndote externamente, siento comunicarte que <\/em><strong><em>no est\u00e1s preparado para entrar en HiveBOT al no comprender que sucede con tu dinero<\/em>.<\/strong><br><br><strong>1\u00ba TU DINERO EN \u00abEUROS\u00bb NO SUFRE DEVALUACI\u00d3N ALGUNA<\/strong>:<\/p>\n\n\n<p>Puedes retirar TODOS TUS \u00abEUROS\u00bb sin sufrir p\u00e9rdidas salvo la comisi\u00f3n que te COBRA Kraken por enviar una transferencia desde Kraken a tu cuenta bancaria a tu nombre. Actualmente mediante BANK FRICK con transferencia SEPA es 1,00 \u20ac pero debes consultar en Kraken por si var\u00edan las tasas y tu caso espec\u00edfico.<\/p>\n\n\n<p><strong>2\u00ba TU DINERO EN \u00abLITECOIN \/ EUROS\u00bb SI SUFRE DEVALUACI\u00d3N:<\/strong><br><br>Si VENDES MANUALMENTE tus Litecoins en Kraken tu dinero sufrir\u00e1 una devaluaci\u00f3n REAL ( HiveBOT no tiene la funci\u00f3n Vender Perdiendo = Parar la P\u00e9rdida = \u00abSTOPLOSS\u00bb por tanto nunca te permitir\u00eda Vender por debajo del precio de Compra ). Te detallo con un ejemplo:<br><br>Si COMPRASTE con HiveBOT 100 \u20ac cuando el Litecoin costaba 100 \u20ac y pasados unos segundos, minutos, horas, d\u00edas, meses o a\u00f1os el Litecoin cuesta 50 \u20ac y por decisi\u00f3n tuya en vez de esperar por si sube quieres Vender Manualmente en Kraken esos 100 \u20ac que Compraste cuando costaba el Litecoin 100 \u20ac y ahora cuesta el Litecoin 50 \u20ac, tus 100 \u20ac en Litecoins pasar\u00e1n a transformarse en 50,00 \u20ac formalizando la p\u00e9rdida y haci\u00e9ndola efectiva, convirti\u00e9ndose tu capital de 100 \u20ac en 50,00 \u20ac menos las tasas que te cobra Kraken ( 0,26 % de 50,00 \u20ac ).<br><\/p>\n\n<\/div>\n<style>\n.wp-block-group.text-justify p {\n  text-align: justify;\n}\n<\/style>\n\n\n\n<div class=\"wp-block-group is-layout-constrained wp-block-group-is-layout-constrained\">\n<div class=\"wp-block-group alignwide text-justify is-layout-constrained wp-block-group-is-layout-constrained\">\n\n<p><strong>\u00bf HiveBOT aplica comisi\u00f3n por su servicio de Compra\/s Autom\u00e1ticas o por el Matenimiento ?<\/strong> <\/p>\n\n\n<p><strong>NO<\/strong>. HiveBOT s\u00f3lo cobra comisiones por las Compras que Venda de tu planificaci\u00f3n. Las cuales al Venderse por encima del valor de Compra se formaliza una GANANCIA REAL. HiveBOT cobra un 10 % de la GANANCIA NETA ( no bruta ) que hayas obtenido, generando una factura por su servicio cada mes que obtengas ganancias.<\/p>\n\n\n<p>Ejemplo: Ganas 100 \u20ac en 1 mes ( Ganancia BRUTA ), HiveBOT considera que vas a declarar a hacienda las ganancias en la RENTA anual, lo cual, m\u00ednimo en Espa\u00f1a te supone un 19 % ( 19 \u20ac  para este ejemplo ), por tanto 100 \u20ac &#8211; 19 \u20ac = 81 \u20ac ( Ganancia NETA ). HiveBOT te cobrar\u00eda un 10 % de tu Ganancia NETA, es decir: 10 % de 81 \u20ac = 8,1 \u20ac ser\u00eda la cuota de ese mes por el servicio de HiveBOT. T\u00fa has ganado 81 \u20ac NETOS por tanto 8,1 \u20ac le corresponden a HiveBOT.<\/p>\n\n<\/div>\n<style>\n.wp-block-group.text-justify p {\n  text-align: justify;\n}\n<\/style>\n<\/div>\n\n\n\n<hr class=\"wp-block-separator has-alpha-channel-opacity\"\/>\n","protected":false},"excerpt":{"rendered":"<p>\u00bf HiveBOT CUSTODIA mi dinero ? NO, tu dinero SIEMPRE est\u00e1 custodiado en tu cuenta privada del Exchange Kraken. \u00bf HiveBOT TOMA DECISIONES POR TI ? NO, HiveBOT s\u00f3lo lleva acabo lo que \u00fanicamente T\u00da has planificado con tu dinero. T\u00fa decides el Rango de precios donde has decidido invertir y el porcentaje de Venta [&hellip;]<\/p>\n","protected":false},"author":1,"featured_media":0,"parent":0,"menu_order":0,"comment_status":"closed","ping_status":"closed","template":"","meta":{"om_disable_all_campaigns":false,"_monsterinsights_skip_tracking":false,"_monsterinsights_sitenote_active":false,"_monsterinsights_sitenote_note":"","_monsterinsights_sitenote_category":0,"_uf_show_specific_survey":0,"_uf_disable_surveys":false,"two_page_speed":[],"footnotes":""},"class_list":["post-130","page","type-page","status-publish","hentry"],"aioseo_notices":[],"_links":{"self":[{"href":"https:\/\/hivebot.es\/hivebot\/index.php\/wp-json\/wp\/v2\/pages\/130","targetHints":{"allow":["GET"]}}],"collection":[{"href":"https:\/\/hivebot.es\/hivebot\/index.php\/wp-json\/wp\/v2\/pages"}],"about":[{"href":"https:\/\/hivebot.es\/hivebot\/index.php\/wp-json\/wp\/v2\/types\/page"}],"author":[{"embeddable":true,"href":"https:\/\/hivebot.es\/hivebot\/index.php\/wp-json\/wp\/v2\/users\/1"}],"replies":[{"embeddable":true,"href":"https:\/\/hivebot.es\/hivebot\/index.php\/wp-json\/wp\/v2\/comments?post=130"}],"version-history":[{"count":30,"href":"https:\/\/hivebot.es\/hivebot\/index.php\/wp-json\/wp\/v2\/pages\/130\/revisions"}],"predecessor-version":[{"id":298,"href":"https:\/\/hivebot.es\/hivebot\/index.php\/wp-json\/wp\/v2\/pages\/130\/revisions\/298"}],"wp:attachment":[{"href":"https:\/\/hivebot.es\/hivebot\/index.php\/wp-json\/wp\/v2\/media?parent=130"}],"curies":[{"name":"wp","href":"https:\/\/api.w.org\/{rel}","templated":true}]}}